{"id":1414,"date":"2024-10-11T15:19:00","date_gmt":"2024-10-11T13:19:00","guid":{"rendered":"https:\/\/www.mrstick.fr\/?post_type=product&#038;p=1414"},"modified":"2025-03-13T13:05:35","modified_gmt":"2025-03-13T12:05:35","slug":"lettrage-volkswagen-caddy-mk1","status":"publish","type":"product","link":"https:\/\/www.mrstick.fr\/index.php\/produit\/lettrage-volkswagen-caddy-mk1\/","title":{"rendered":"Lettrage VOLKSWAGEN caddy MK1"},"content":{"rendered":"","protected":false},"excerpt":{"rendered":"<p>Lettres VOLKSWAGEN pour ridelle de VW Caddy MK1 \ud83e\udd19<\/p>\n<p>D\u00e9coup\u00e9 dans un covering haute qualit\u00e9 pour faciliter la pose<\/p>\n<p>Sur les photos ci-contre le lettrage est r\u00e9alis\u00e9 en chrome<\/p>\n<p>\u26a0\ufe0fEn fonction de la couleur choisie, le temps de fabrication peut \u00eatre diff\u00e9rent \u26a0\ufe0f<\/p>\n<p>Toutes les couleurs sont possibles, <u> <a href=\"https:\/\/www.mrstick.fr\/index.php\/votre-projet\/\">n&rsquo;h\u00e9sitez pas \u00e0 nous contacter !<\/a> <\/u><\/p>\n<p>&nbsp;<\/p>\n","protected":false},"featured_media":1422,"template":"","meta":{"ocean_post_layout":"","ocean_both_sidebars_style":"","ocean_both_sidebars_content_width":0,"ocean_both_sidebars_sidebars_width":0,"ocean_sidebar":"0","ocean_second_sidebar":"0","ocean_disable_margins":"enable","ocean_add_body_class":"","ocean_shortcode_before_top_bar":"","ocean_shortcode_after_top_bar":"","ocean_shortcode_before_header":"","ocean_shortcode_after_header":"","ocean_has_shortcode":"","ocean_shortcode_after_title":"","ocean_shortcode_before_footer_widgets":"","ocean_shortcode_after_footer_widgets":"","ocean_shortcode_before_footer_bottom":"","ocean_shortcode_after_footer_bottom":"","ocean_display_top_bar":"default","ocean_display_header":"default","ocean_header_style":"","ocean_center_header_left_menu":"0","ocean_custom_header_template":"0","ocean_custom_logo":0,"ocean_custom_retina_logo":0,"ocean_custom_logo_max_width":0,"ocean_custom_logo_tablet_max_width":0,"ocean_custom_logo_mobile_max_width":0,"ocean_custom_logo_max_height":0,"ocean_custom_logo_tablet_max_height":0,"ocean_custom_logo_mobile_max_height":0,"ocean_header_custom_menu":"0","ocean_menu_typo_font_family":"0","ocean_menu_typo_font_subset":"","ocean_menu_typo_font_size":0,"ocean_menu_typo_font_size_tablet":0,"ocean_menu_typo_font_size_mobile":0,"ocean_menu_typo_font_size_unit":"px","ocean_menu_typo_font_weight":"","ocean_menu_typo_font_weight_tablet":"","ocean_menu_typo_font_weight_mobile":"","ocean_menu_typo_transform":"","ocean_menu_typo_transform_tablet":"","ocean_menu_typo_transform_mobile":"","ocean_menu_typo_line_height":0,"ocean_menu_typo_line_height_tablet":0,"ocean_menu_typo_line_height_mobile":0,"ocean_menu_typo_line_height_unit":"","ocean_menu_typo_spacing":0,"ocean_menu_typo_spacing_tablet":0,"ocean_menu_typo_spacing_mobile":0,"ocean_menu_typo_spacing_unit":"","ocean_menu_link_color":"","ocean_menu_link_color_hover":"","ocean_menu_link_color_active":"","ocean_menu_link_background":"","ocean_menu_link_hover_background":"","ocean_menu_link_active_background":"","ocean_menu_social_links_bg":"","ocean_menu_social_hover_links_bg":"","ocean_menu_social_links_color":"","ocean_menu_social_hover_links_color":"","ocean_disable_title":"default","ocean_disable_heading":"default","ocean_post_title":"","ocean_post_subheading":"","ocean_post_title_style":"","ocean_post_title_background_color":"","ocean_post_title_background":0,"ocean_post_title_bg_image_position":"","ocean_post_title_bg_image_attachment":"","ocean_post_title_bg_image_repeat":"","ocean_post_title_bg_image_size":"","ocean_post_title_height":0,"ocean_post_title_bg_overlay":0.5,"ocean_post_title_bg_overlay_color":"","ocean_disable_breadcrumbs":"default","ocean_breadcrumbs_color":"","ocean_breadcrumbs_separator_color":"","ocean_breadcrumbs_links_color":"","ocean_breadcrumbs_links_hover_color":"","ocean_display_footer_widgets":"default","ocean_display_footer_bottom":"default","ocean_custom_footer_template":"0"},"product_brand":[],"product_cat":[18],"product_tag":[],"class_list":{"0":"post-1414","1":"product","2":"type-product","3":"status-publish","4":"has-post-thumbnail","6":"product_cat-automobile","8":"entry","9":"has-media","11":"first","12":"instock","13":"shipping-taxable","14":"purchasable","15":"product-type-variable","16":"has-default-attributes","17":"has-product-nav","18":"col","19":"span_1_of_3","20":"owp-content-center","21":"owp-thumbs-layout-horizontal","22":"owp-btn-normal","23":"owp-tabs-layout-horizontal"},"yoast_head":"<!-- This site is optimized with the Yoast SEO plugin v25.8 - https:\/\/yoast.com\/wordpress\/plugins\/seo\/ -->\n<title>Lettrage VOLKSWAGEN caddy MK1 - MRSTICK<\/title>\n<meta name=\"robots\" content=\"index, follow, max-snippet:-1, max-image-preview:large, max-video-preview:-1\" \/>\n<link rel=\"canonical\" href=\"https:\/\/www.mrstick.fr\/index.php\/produit\/lettrage-volkswagen-caddy-mk1\/\" \/>\n<meta property=\"og:locale\" content=\"fr_FR\" \/>\n<meta property=\"og:type\" content=\"article\" \/>\n<meta property=\"og:title\" content=\"Lettrage VOLKSWAGEN caddy MK1 - MRSTICK\" \/>\n<meta property=\"og:description\" content=\"Lettres VOLKSWAGEN pour ridelle de VW Caddy MK1 \ud83e\udd19  D\u00e9coup\u00e9 dans un covering haute qualit\u00e9 pour faciliter la pose  Sur les photos ci-contre le lettrage est r\u00e9alis\u00e9 en chrome  \u26a0\ufe0fEn fonction de la couleur choisie, le temps de fabrication peut \u00eatre diff\u00e9rent \u26a0\ufe0f  Toutes les couleurs sont possibles, n&#039;h\u00e9sitez pas \u00e0 nous contacter !   &nbsp;\" \/>\n<meta property=\"og:url\" content=\"https:\/\/www.mrstick.fr\/index.php\/produit\/lettrage-volkswagen-caddy-mk1\/\" \/>\n<meta property=\"og:site_name\" content=\"MRSTICK\" \/>\n<meta property=\"article:modified_time\" content=\"2025-03-13T12:05:35+00:00\" \/>\n<meta property=\"og:image\" content=\"https:\/\/www.mrstick.fr\/wp-content\/uploads\/2024\/10\/Vue-caddy-entier-arriere-1024x685.png\" \/>\n\t<meta property=\"og:image:width\" content=\"1024\" \/>\n\t<meta property=\"og:image:height\" content=\"685\" \/>\n\t<meta property=\"og:image:type\" content=\"image\/png\" \/>\n<meta name=\"twitter:card\" content=\"summary_large_image\" \/>\n<meta name=\"twitter:label1\" content=\"Dur\u00e9e de lecture estim\u00e9e\" \/>\n\t<meta name=\"twitter:data1\" content=\"1 minute\" \/>\n<script type=\"application\/ld+json\" class=\"yoast-schema-graph\">{\"@context\":\"https:\/\/schema.org\",\"@graph\":[{\"@type\":\"WebPage\",\"@id\":\"https:\/\/www.mrstick.fr\/index.php\/produit\/lettrage-volkswagen-caddy-mk1\/\",\"url\":\"https:\/\/www.mrstick.fr\/index.php\/produit\/lettrage-volkswagen-caddy-mk1\/\",\"name\":\"Lettrage VOLKSWAGEN caddy MK1 - MRSTICK\",\"isPartOf\":{\"@id\":\"https:\/\/www.mrstick.fr\/#website\"},\"primaryImageOfPage\":{\"@id\":\"https:\/\/www.mrstick.fr\/index.php\/produit\/lettrage-volkswagen-caddy-mk1\/#primaryimage\"},\"image\":{\"@id\":\"https:\/\/www.mrstick.fr\/index.php\/produit\/lettrage-volkswagen-caddy-mk1\/#primaryimage\"},\"thumbnailUrl\":\"https:\/\/www.mrstick.fr\/wp-content\/uploads\/2024\/10\/Vue-ridelle-cote.png\",\"datePublished\":\"2024-10-11T13:19:00+00:00\",\"dateModified\":\"2025-03-13T12:05:35+00:00\",\"breadcrumb\":{\"@id\":\"https:\/\/www.mrstick.fr\/index.php\/produit\/lettrage-volkswagen-caddy-mk1\/#breadcrumb\"},\"inLanguage\":\"fr-FR\",\"potentialAction\":[{\"@type\":\"ReadAction\",\"target\":[\"https:\/\/www.mrstick.fr\/index.php\/produit\/lettrage-volkswagen-caddy-mk1\/\"]}]},{\"@type\":\"ImageObject\",\"inLanguage\":\"fr-FR\",\"@id\":\"https:\/\/www.mrstick.fr\/index.php\/produit\/lettrage-volkswagen-caddy-mk1\/#primaryimage\",\"url\":\"https:\/\/www.mrstick.fr\/wp-content\/uploads\/2024\/10\/Vue-ridelle-cote.png\",\"contentUrl\":\"https:\/\/www.mrstick.fr\/wp-content\/uploads\/2024\/10\/Vue-ridelle-cote.png\",\"width\":2474,\"height\":1758},{\"@type\":\"BreadcrumbList\",\"@id\":\"https:\/\/www.mrstick.fr\/index.php\/produit\/lettrage-volkswagen-caddy-mk1\/#breadcrumb\",\"itemListElement\":[{\"@type\":\"ListItem\",\"position\":1,\"name\":\"Accueil\",\"item\":\"https:\/\/www.mrstick.fr\/\"},{\"@type\":\"ListItem\",\"position\":2,\"name\":\"Boutique\",\"item\":\"https:\/\/www.mrstick.fr\/index.php\/boutique\/\"},{\"@type\":\"ListItem\",\"position\":3,\"name\":\"Lettrage VOLKSWAGEN caddy MK1\"}]},{\"@type\":\"WebSite\",\"@id\":\"https:\/\/www.mrstick.fr\/#website\",\"url\":\"https:\/\/www.mrstick.fr\/\",\"name\":\"MRSTICK\",\"description\":\"Stickers sur-mesure\",\"potentialAction\":[{\"@type\":\"SearchAction\",\"target\":{\"@type\":\"EntryPoint\",\"urlTemplate\":\"https:\/\/www.mrstick.fr\/?s={search_term_string}\"},\"query-input\":{\"@type\":\"PropertyValueSpecification\",\"valueRequired\":true,\"valueName\":\"search_term_string\"}}],\"inLanguage\":\"fr-FR\"}]}<\/script>\n<!-- \/ Yoast SEO plugin. -->","yoast_head_json":{"title":"Lettrage VOLKSWAGEN caddy MK1 - MRSTICK","robots":{"index":"index","follow":"follow","max-snippet":"max-snippet:-1","max-image-preview":"max-image-preview:large","max-video-preview":"max-video-preview:-1"},"canonical":"https:\/\/www.mrstick.fr\/index.php\/produit\/lettrage-volkswagen-caddy-mk1\/","og_locale":"fr_FR","og_type":"article","og_title":"Lettrage VOLKSWAGEN caddy MK1 - MRSTICK","og_description":"Lettres VOLKSWAGEN pour ridelle de VW Caddy MK1 \ud83e\udd19  D\u00e9coup\u00e9 dans un covering haute qualit\u00e9 pour faciliter la pose  Sur les photos ci-contre le lettrage est r\u00e9alis\u00e9 en chrome  \u26a0\ufe0fEn fonction de la couleur choisie, le temps de fabrication peut \u00eatre diff\u00e9rent \u26a0\ufe0f  Toutes les couleurs sont possibles, n'h\u00e9sitez pas \u00e0 nous contacter !   &nbsp;","og_url":"https:\/\/www.mrstick.fr\/index.php\/produit\/lettrage-volkswagen-caddy-mk1\/","og_site_name":"MRSTICK","article_modified_time":"2025-03-13T12:05:35+00:00","og_image":[{"width":1024,"height":685,"url":"https:\/\/www.mrstick.fr\/wp-content\/uploads\/2024\/10\/Vue-caddy-entier-arriere-1024x685.png","type":"image\/png"}],"twitter_card":"summary_large_image","twitter_misc":{"Dur\u00e9e de lecture estim\u00e9e":"1 minute"},"schema":{"@context":"https:\/\/schema.org","@graph":[{"@type":"WebPage","@id":"https:\/\/www.mrstick.fr\/index.php\/produit\/lettrage-volkswagen-caddy-mk1\/","url":"https:\/\/www.mrstick.fr\/index.php\/produit\/lettrage-volkswagen-caddy-mk1\/","name":"Lettrage VOLKSWAGEN caddy MK1 - MRSTICK","isPartOf":{"@id":"https:\/\/www.mrstick.fr\/#website"},"primaryImageOfPage":{"@id":"https:\/\/www.mrstick.fr\/index.php\/produit\/lettrage-volkswagen-caddy-mk1\/#primaryimage"},"image":{"@id":"https:\/\/www.mrstick.fr\/index.php\/produit\/lettrage-volkswagen-caddy-mk1\/#primaryimage"},"thumbnailUrl":"https:\/\/www.mrstick.fr\/wp-content\/uploads\/2024\/10\/Vue-ridelle-cote.png","datePublished":"2024-10-11T13:19:00+00:00","dateModified":"2025-03-13T12:05:35+00:00","breadcrumb":{"@id":"https:\/\/www.mrstick.fr\/index.php\/produit\/lettrage-volkswagen-caddy-mk1\/#breadcrumb"},"inLanguage":"fr-FR","potentialAction":[{"@type":"ReadAction","target":["https:\/\/www.mrstick.fr\/index.php\/produit\/lettrage-volkswagen-caddy-mk1\/"]}]},{"@type":"ImageObject","inLanguage":"fr-FR","@id":"https:\/\/www.mrstick.fr\/index.php\/produit\/lettrage-volkswagen-caddy-mk1\/#primaryimage","url":"https:\/\/www.mrstick.fr\/wp-content\/uploads\/2024\/10\/Vue-ridelle-cote.png","contentUrl":"https:\/\/www.mrstick.fr\/wp-content\/uploads\/2024\/10\/Vue-ridelle-cote.png","width":2474,"height":1758},{"@type":"BreadcrumbList","@id":"https:\/\/www.mrstick.fr\/index.php\/produit\/lettrage-volkswagen-caddy-mk1\/#breadcrumb","itemListElement":[{"@type":"ListItem","position":1,"name":"Accueil","item":"https:\/\/www.mrstick.fr\/"},{"@type":"ListItem","position":2,"name":"Boutique","item":"https:\/\/www.mrstick.fr\/index.php\/boutique\/"},{"@type":"ListItem","position":3,"name":"Lettrage VOLKSWAGEN caddy MK1"}]},{"@type":"WebSite","@id":"https:\/\/www.mrstick.fr\/#website","url":"https:\/\/www.mrstick.fr\/","name":"MRSTICK","description":"Stickers sur-mesure","potentialAction":[{"@type":"SearchAction","target":{"@type":"EntryPoint","urlTemplate":"https:\/\/www.mrstick.fr\/?s={search_term_string}"},"query-input":{"@type":"PropertyValueSpecification","valueRequired":true,"valueName":"search_term_string"}}],"inLanguage":"fr-FR"}]}},"_links":{"self":[{"href":"https:\/\/www.mrstick.fr\/index.php\/wp-json\/wp\/v2\/product\/1414","targetHints":{"allow":["GET"]}}],"collection":[{"href":"https:\/\/www.mrstick.fr\/index.php\/wp-json\/wp\/v2\/product"}],"about":[{"href":"https:\/\/www.mrstick.fr\/index.php\/wp-json\/wp\/v2\/types\/product"}],"wp:featuredmedia":[{"embeddable":true,"href":"https:\/\/www.mrstick.fr\/index.php\/wp-json\/wp\/v2\/media\/1422"}],"wp:attachment":[{"href":"https:\/\/www.mrstick.fr\/index.php\/wp-json\/wp\/v2\/media?parent=1414"}],"wp:term":[{"taxonomy":"product_brand","embeddable":true,"href":"https:\/\/www.mrstick.fr\/index.php\/wp-json\/wp\/v2\/product_brand?post=1414"},{"taxonomy":"product_cat","embeddable":true,"href":"https:\/\/www.mrstick.fr\/index.php\/wp-json\/wp\/v2\/product_cat?post=1414"},{"taxonomy":"product_tag","embeddable":true,"href":"https:\/\/www.mrstick.fr\/index.php\/wp-json\/wp\/v2\/product_tag?post=1414"}],"curies":[{"name":"wp","href":"https:\/\/api.w.org\/{rel}","templated":true}]}}